{"id":361,"date":"2015-07-06T22:52:44","date_gmt":"2015-07-06T22:52:44","guid":{"rendered":"http:\/\/earbook.online\/hicen\/de\/?page_id=361"},"modified":"2017-11-01T12:36:33","modified_gmt":"2017-11-01T12:36:33","slug":"home-3","status":"publish","type":"page","link":"https:\/\/earbook.online\/hicen\/de\/","title":{"rendered":"Willkommen"},"content":{"rendered":"<p>Sie finden hier \u00a09 Lektionen zu dem Thema<\/p>\n<blockquote>\n<p style=\"text-align: center;\"><strong><span style=\"font-size: 16pt;\"><span style=\"font-size: 18pt;\">H\u00f6rbehinderte Kinder und ihre Lernbed\u00fcrfnisse<\/span><br \/>\n<\/span><\/strong><span style=\"font-size: 12pt;\">( <em><strong>HICEN<\/strong><\/em> &#8211; <em><strong>H<\/strong>earing <strong>I<\/strong>mpaired <strong>C<\/strong>hildren and their <strong>E<\/strong>ducational <strong>N<\/strong>eeds)<\/em><\/span><\/p>\n<\/blockquote>\n<p>Wenn sie das Thema interessiert &#8211; als betroffene Eltern, Lehrer, Therapeuten, Experten, Gesundheitspolitiker, &#8230; dann laden wir sie ein, von diesen <em><a href=\"https:\/\/de.wikipedia.org\/wiki\/Open_Educational_Resources\" target=\"_blank\" rel=\"noopener\">Freien und Offenen Bildungsresourcen<\/a><\/em> ( \u00a0OER &#8211; Free and Open Educational Resources ) Gebrauch zu machen.<\/p>\n<p>Die Lektionen wurden von nahmhaften Autoren unter der Koordination und Mitwirkung von Prof. Gottfried Diller, em. Dekan der P\u00e4dagogischen Fakult\u00e4t, Universit\u00e4t Heidelberg und Leiter des Cochlear Implant Centrum Rhein-Main (<a href=\"http:\/\/www.cic-rheinmain.de\/\" target=\"_blank\" rel=\"noopener\">CIC Friedberg<\/a> ) erstellt. Die Lektionen wurden in Deutsch, Englisch und Spanisch erstellt. Die Russische Version erschien 2012.<\/p>\n<p><strong>Wie kann ich dieses Weblog nutzen ?<\/strong><\/p>\n<p style=\"padding-left: 30px;\"><strong>\u21d2<\/strong> Grundlage f\u00fcr Selbststudium, Unterricht, Lerngruppen. Zum freien herunterladen siehe <em>Download<\/em><\/p>\n<p style=\"padding-left: 30px;\"><strong>\u21d2<\/strong>\u00a0Subscribieren Sie rechts oben, um neue Eintragungen automatisch per email zu erhalten. Ausserdem erhalten Sie dann Nachrichten \u00fcber unsere einschl\u00e4gigen Online Seminare und weitere geplante Publikationen.<\/p>\n<p style=\"padding-left: 30px;\"><strong>\u21d2<\/strong> Sind Sie an einem Live Online Seminar zu einem der Modul-Themen interessiert ? Wollen sie selbst eine Pr\u00e4sentation \u00a0dazu halten oder einen Gedankenaustausch mit anderen Fachleuten ? Einfach Nachricht geben, wir werden dies gerne in die zwei w\u00f6chentlichen <em><a href=\"http:\/\/www.lehnhardt-akademie.net\/weblog\/\" target=\"_blank\" rel=\"noopener\">\u00a0&#8222;PORA&#8220; Live Online Webseminare<\/a><\/em> der Lehnhardt Akademie einbauen.<\/p>\n<p><strong>Was wir gerne erwarten:<\/strong><\/p>\n<p style=\"padding-left: 30px;\"><strong>\u21d2<\/strong>\u00a0Geben Sie bitte den Link weiter an andere Interessenten. Die \u00fcblichen &#8222;share&#8220; Button finden sie unten.<\/p>\n<p style=\"padding-left: 30px;\"><strong>\u21d2<\/strong>\u00a0Teilen Sie uns \u00a0Ihre Meinung, Anregungen, Fragen mit durch Kommentare oder auch direkt per email.<\/p>\n<p><strong>Finanzierung<\/strong> des Programmes &#8222;OER &#8211;\u00a0Open Educational Resources&#8220;<\/p>\n<p style=\"padding-left: 30px;\">Die HICEN Lektionen wurden durch die <em><a href=\"http:\/\/www.lehnhardt-stiftung.org\/\" target=\"_blank\" rel=\"noopener\">Lehnhardt Stiftung<\/a><\/em> gesponsert. Die russische \u00dcbersetzung erm\u00f6glichte eine gro\u00dfz\u00fcgige Spende von <em><a href=\"http:\/\/www.cochlear.com\" target=\"_blank\" rel=\"noopener\">Cochlear Eastern Europe, Basel<\/a><\/em><\/p>\n<p style=\"padding-left: 30px;\"><strong>\u21d2<\/strong> Erm\u00f6glichen Sie bitte weitere Publikationen durch Ihre Spende. Bedienen Sie sich des &#8222;Donation&#8220; Button rechts oben.<\/p>\n<p><strong>Viel Freude am Lernen und Teilen von Wissen und Erfahrungen !<\/strong><\/p>\n<p>Dr. Dr.h.c. Monika Lehnhardt<br \/>\n<span style=\"font-size: 10pt;\">Mitgr\u00fcnderin und Vorsitzende des Vorstandes<\/span><br \/>\n<span style=\"font-size: 10pt;\">Lehnhardt Stiftung,\u00a0Badenweiler, DE<\/span><\/p>\n","protected":false},"excerpt":{"rendered":"<p>Sie finden hier \u00a09 Lektionen zu dem Thema H\u00f6rbehinderte Kinder und ihre Lernbed\u00fcrfnisse ( HICEN &#8211; Hearing Impaired Children and their Educational Needs) Wenn sie das Thema interessiert &#8211; als betroffene Eltern, Lehrer, Therapeuten, Experten, Gesundheitspolitiker, &#8230; dann laden wir sie ein, von diesen Freien und Offenen Bildungsresourcen ( \u00a0OER &#8211; Free and Open Educational [&hellip;]<\/p>\n","protected":false},"author":1,"featured_media":0,"parent":0,"menu_order":0,"comment_status":"open","ping_status":"open","template":"","meta":{"footnotes":""},"class_list":["post-361","page","type-page","status-publish","hentry"],"jetpack_sharing_enabled":true,"jetpack_shortlink":"https:\/\/wp.me\/P6a3tE-5P","_links":{"self":[{"href":"https:\/\/earbook.online\/hicen\/de\/wp-json\/wp\/v2\/pages\/361","targetHints":{"allow":["GET"]}}],"collection":[{"href":"https:\/\/earbook.online\/hicen\/de\/wp-json\/wp\/v2\/pages"}],"about":[{"href":"https:\/\/earbook.online\/hicen\/de\/wp-json\/wp\/v2\/types\/page"}],"author":[{"embeddable":true,"href":"https:\/\/earbook.online\/hicen\/de\/wp-json\/wp\/v2\/users\/1"}],"replies":[{"embeddable":true,"href":"https:\/\/earbook.online\/hicen\/de\/wp-json\/wp\/v2\/comments?post=361"}],"version-history":[{"count":32,"href":"https:\/\/earbook.online\/hicen\/de\/wp-json\/wp\/v2\/pages\/361\/revisions"}],"predecessor-version":[{"id":513,"href":"https:\/\/earbook.online\/hicen\/de\/wp-json\/wp\/v2\/pages\/361\/revisions\/513"}],"wp:attachment":[{"href":"https:\/\/earbook.online\/hicen\/de\/wp-json\/wp\/v2\/media?parent=361"}],"curies":[{"name":"wp","href":"https:\/\/api.w.org\/{rel}","templated":true}]}}