{"id":155,"date":"2015-05-14T15:24:19","date_gmt":"2015-05-14T15:24:19","guid":{"rendered":"http:\/\/earbook.online\/hicen\/?page_id=155"},"modified":"2015-10-19T12:40:50","modified_gmt":"2015-10-19T12:40:50","slug":"donate","status":"publish","type":"page","link":"https:\/\/earbook.online\/hicen\/donate\/","title":{"rendered":"Donate"},"content":{"rendered":"<p><strong>Please mind: The use, transfer and download of the content is for free<\/strong>. However please consider a donation which makes it possible to continue offering free educational resources (OER)<\/p>\n<p><strong><span style=\"color: #ff0000;\">\u21d2<\/span>\u00a0<\/strong><em><span style=\"font-size: 16pt;\">Bank accounts of Lehnhardt Foundation in Germany\/Switzerland<\/span><\/em><\/p>\n<p>Volksbank Drei L\u00e4nder Eck, L\u00f6rrach, Germany<br \/>\nIBAN DE97 6839 0000 0000 7585 31; BIC VOLODE66<\/p>\n<p>Bankhaus B\u00e4r, Basel, Switzerland<br \/>\nIBAN: CH97 0851 5031 0723 2200 1; BIC: 8515; SWIFT: BAERCHZZ<\/p>\n<p><strong><span style=\"color: #ff0000;\">\u21d2<\/span> <\/strong><em><span style=\"font-size: 16pt;\">To donate via Credit Card or PayPal<\/span><\/em> please use the following donation button:<input name=\"cmd\" type=\"hidden\" value=\"_s-xclick\" \/><br \/>\n<input name=\"hosted_button_id\" type=\"hidden\" value=\"Y6BBRHTAXQ2A2\" \/><br \/>\n<input alt=\"PayPal - The safer, easier way to pay online!\" name=\"submit\" src=\"https:\/\/www.paypalobjects.com\/en_US\/DE\/i\/btn\/btn_donateCC_LG.gif\" type=\"image\" \/><br \/>\n<img decoding=\"async\" src=\"https:\/\/www.paypalobjects.com\/en_US\/i\/scr\/pixel.gif\" alt=\"\" width=\"1\" height=\"1\" border=\"0\" \/><\/p>\n","protected":false},"excerpt":{"rendered":"<p>Please mind: The use, transfer and download of the content is for free. However please consider a donation which makes it possible to continue offering free educational resources (OER) \u21d2\u00a0Bank accounts of Lehnhardt Foundation in Germany\/Switzerland Volksbank Drei L\u00e4nder Eck, L\u00f6rrach, Germany IBAN DE97 6839 0000 0000 7585 31; BIC VOLODE66 Bankhaus B\u00e4r, Basel, Switzerland [&hellip;]<\/p>\n","protected":false},"author":1,"featured_media":0,"parent":0,"menu_order":0,"comment_status":"open","ping_status":"open","template":"","meta":{"footnotes":""},"class_list":["post-155","page","type-page","status-publish","hentry"],"jetpack_sharing_enabled":true,"jetpack_shortlink":"https:\/\/wp.me\/P6a3tE-2v","_links":{"self":[{"href":"https:\/\/earbook.online\/hicen\/wp-json\/wp\/v2\/pages\/155","targetHints":{"allow":["GET"]}}],"collection":[{"href":"https:\/\/earbook.online\/hicen\/wp-json\/wp\/v2\/pages"}],"about":[{"href":"https:\/\/earbook.online\/hicen\/wp-json\/wp\/v2\/types\/page"}],"author":[{"embeddable":true,"href":"https:\/\/earbook.online\/hicen\/wp-json\/wp\/v2\/users\/1"}],"replies":[{"embeddable":true,"href":"https:\/\/earbook.online\/hicen\/wp-json\/wp\/v2\/comments?post=155"}],"version-history":[{"count":15,"href":"https:\/\/earbook.online\/hicen\/wp-json\/wp\/v2\/pages\/155\/revisions"}],"predecessor-version":[{"id":363,"href":"https:\/\/earbook.online\/hicen\/wp-json\/wp\/v2\/pages\/155\/revisions\/363"}],"wp:attachment":[{"href":"https:\/\/earbook.online\/hicen\/wp-json\/wp\/v2\/media?parent=155"}],"curies":[{"name":"wp","href":"https:\/\/api.w.org\/{rel}","templated":true}]}}