{"id":27,"date":"2022-08-06T14:56:17","date_gmt":"2022-08-06T14:56:17","guid":{"rendered":"https:\/\/earbook.online\/reha-kg\/?page_id=27"},"modified":"2022-08-20T13:48:04","modified_gmt":"2022-08-20T13:48:04","slug":"registration-personal-data","status":"publish","type":"page","link":"https:\/\/earbook.online\/reha-kg\/registration-personal-data\/","title":{"rendered":"Registration personal data"},"content":{"rendered":"\r\n\r\n\t<p>&nbsp;<\/p>\r\n<p><iframe src=\"https:\/\/docs.google.com\/forms\/d\/e\/1FAIpQLScEirE9GLqG-0etBaQSiyHxN9zEV4yCfV3xmYJhoJxpMwGA9A\/viewform?embedded=true\" width=\"660\" height=\"1000\" frameborder=\"0\" marginwidth=\"0\" marginheight=\"0\">Loading&#8230;<\/iframe><\/p>\r\n\t<p>For your information:<\/p>\r\n<ul>\r\n<li>Sie erhalten unter der von Ihnen angegebenen E-Mail-Adresse eine Kopie Ihrer Antworten. Das System erzeugt automatisch eine pers\u00f6nliche ID Nr. (Identifikations Nummer) mit der Sie Zugriff auf Ihre Daten haben.<\/li>\r\n<li>Ausserdem k\u00f6nnen Sie einen digitalen Patientenordner anlegen. Dadurch k\u00f6nnen die Vorteile des Internet auf einfache Weise genutzt werden. N\u00e4here Info hier &#8230;<\/li>\r\n<li>Die im Google Workspace der Lehnhardt Stiftung gespeicherten Daten sind durch den Google Datenschutz gesch\u00fctzt. Siehe <a href=\"https:\/\/policies.google.com\/privacy?hl=de\" target=\"_blank\" rel=\"noopener\">Datenschutzerkl\u00e4rung<\/a> . Die Daten in Ihrem digitaler Patientenordner werden in einem gesch\u00fctzten Bereich im Internetserver der Lehnhardt Stiftung in der Schweiz gespeichert.<\/li>\r\n<li>Zugang zu ihren Daten haben nur die von Ihnen autorisierten. Sie k\u00f6nnen dies jederzeit \u00e4ndern. Derzeit sind autorisiert die IAHRS und die Lehnhardt Stiftung.<\/li>\r\n<\/ul>\r\n<p>&nbsp;<\/p>\r\n\r\n","protected":false},"excerpt":{"rendered":"<p>&nbsp; Loading&#8230; For your information: Sie erhalten unter der von Ihnen angegebenen E-Mail-Adresse eine Kopie Ihrer Antworten. Das System erzeugt automatisch eine pers\u00f6nliche ID Nr. (Identifikations Nummer) mit der Sie Zugriff auf Ihre Daten haben. Ausserdem k\u00f6nnen Sie einen digitalen Patientenordner anlegen. Dadurch k\u00f6nnen die Vorteile des Internet auf einfache Weise genutzt werden. N\u00e4here Info &#8230; <a title=\"Registration personal data\" class=\"read-more\" href=\"https:\/\/earbook.online\/reha-kg\/registration-personal-data\/\" aria-label=\"More on Registration personal data\">Read more<\/a><\/p>\n","protected":false},"author":2,"featured_media":0,"parent":0,"menu_order":0,"comment_status":"open","ping_status":"open","template":"","meta":{"_stc_notifier_status":"","_stc_notifier_sent_time":"","_stc_notifier_request":false,"_stc_notifier_prevent":false,"_stc_subscriber_keywords":"","_stc_subscriber_search_areas":"","footnotes":""},"categories":[],"tags":[],"class_list":["post-27","page","type-page","status-publish"],"jetpack_sharing_enabled":true,"_links":{"self":[{"href":"https:\/\/earbook.online\/reha-kg\/wp-json\/wp\/v2\/pages\/27","targetHints":{"allow":["GET"]}}],"collection":[{"href":"https:\/\/earbook.online\/reha-kg\/wp-json\/wp\/v2\/pages"}],"about":[{"href":"https:\/\/earbook.online\/reha-kg\/wp-json\/wp\/v2\/types\/page"}],"author":[{"embeddable":true,"href":"https:\/\/earbook.online\/reha-kg\/wp-json\/wp\/v2\/users\/2"}],"replies":[{"embeddable":true,"href":"https:\/\/earbook.online\/reha-kg\/wp-json\/wp\/v2\/comments?post=27"}],"version-history":[{"count":6,"href":"https:\/\/earbook.online\/reha-kg\/wp-json\/wp\/v2\/pages\/27\/revisions"}],"predecessor-version":[{"id":61,"href":"https:\/\/earbook.online\/reha-kg\/wp-json\/wp\/v2\/pages\/27\/revisions\/61"}],"wp:attachment":[{"href":"https:\/\/earbook.online\/reha-kg\/wp-json\/wp\/v2\/media?parent=27"}],"wp:term":[{"taxonomy":"category","embeddable":true,"href":"https:\/\/earbook.online\/reha-kg\/wp-json\/wp\/v2\/categories?post=27"},{"taxonomy":"post_tag","embeddable":true,"href":"https:\/\/earbook.online\/reha-kg\/wp-json\/wp\/v2\/tags?post=27"}],"curies":[{"name":"wp","href":"https:\/\/api.w.org\/{rel}","templated":true}]}}